{"id":93,"date":"2026-04-29T22:36:20","date_gmt":"2026-04-29T20:36:20","guid":{"rendered":"https:\/\/www.bodieko.si\/hr\/?page_id=93"},"modified":"2026-04-29T22:36:55","modified_gmt":"2026-04-29T20:36:55","slug":"kolacici","status":"publish","type":"page","link":"https:\/\/www.bodieko.si\/hr\/kolacici","title":{"rendered":"Kola\u010di\u0107i"},"content":{"rendered":"\n<p>Kola\u010di\u0107i nisu ni\u0161ta novo, jer ih svi posjetitelji web stranica ve\u0107 odavno imaju na svojim ra\u010dunalima, tabletima, mobilnim ure\u0111ajima, \u2026 Pohranjuju se tijekom posjeta web stranici, a da toga nismo svjesni. Gotovo ne postoji web stranica koja ne koristi kola\u010di\u0107e. Novo je zakonodavstvo i GDPR, koji donose promjene u na\u010dinu obavje\u0161tavanja i dobivanja suglasnosti posjetitelja za njihovu upotrebu.<\/p>\n\n\n\n<p>Kao i ve\u0107ina web stranica i portala, i na\u0161e web stranice koriste tzv. <strong>kola\u010di\u0107e (eng. Cookies)<\/strong> za <strong>anonimno<\/strong> bilje\u017eenje posjeta, povezivanje s dru\u0161tvenim mre\u017eama (Facebook, Twitter \u2026) i pobolj\u0161anje korisni\u010dkog iskustva. Prikupljeni podaci za analitiku web stranice (anonimizirane IP adrese) ne omogu\u0107uju identifikaciju korisnika i ne sadr\u017ee osobne podatke.<\/p>\n\n\n\n<p>Kola\u010di\u0107e koristimo za:<\/p>\n\n\n\n<ul class=\"wp-block-list\">\n<li>vo\u0111enje <strong>statistike posjeta<\/strong> (Google Analytics)<\/li>\n\n\n\n<li><strong>povezivanje s dru\u0161tvenim mre\u017eama<\/strong> (Facebook, Twitter, Pinterest, Google+)<\/li>\n\n\n\n<li>povremeno i za <strong>ogla\u0161avanje<\/strong> (DoubleClick, AdSense, AdWords, Facebook)<\/li>\n\n\n\n<li><strong>komentiranje sadr\u017eaja<\/strong><\/li>\n\n\n\n<li>osiguravanje sigurnosti korisnika u slu\u010daju poku\u0161aja zlouporabe sustava<\/li>\n<\/ul>\n\n\n\n<p><strong>\u0160to su kola\u010di\u0107i?<\/strong><\/p>\n\n\n\n<p>Kola\u010di\u0107i su male tekstualne datoteke koje ve\u0107ina web stranica pohranjuje na ure\u0111aje korisnika (ra\u010dunalo, mobilni telefon, tablet) s ciljem prepoznavanja pojedinih ure\u0111aja koje su korisnici koristili za pristup.<\/p>\n\n\n\n<p>Njihovo pohranjivanje u potpunosti je pod kontrolom preglednika koji koristi korisnik \u2013 korisnik mo\u017ee po \u017eelji ograni\u010diti ili onemogu\u0107iti pohranu kola\u010di\u0107a.<\/p>\n\n\n\n<p><strong>Za\u0161to su kola\u010di\u0107i potrebni?<\/strong><\/p>\n\n\n\n<p>Kola\u010di\u0107i su od temeljne va\u017enosti za pru\u017eanje korisniku prilago\u0111enih web usluga.<\/p>\n\n\n\n<p>Naj\u010de\u0161\u0107e funkcije e-poslovanja ne bi bile mogu\u0107e bez kola\u010di\u0107a.<\/p>\n\n\n\n<p>Interakcija izme\u0111u korisnika i web stranice uz pomo\u0107 kola\u010di\u0107a:<\/p>\n\n\n\n<ul class=\"wp-block-list\">\n<li>br\u017ea je<\/li>\n\n\n\n<li>jednostavnija<\/li>\n\n\n\n<li>u\u010dinkovitija<\/li>\n<\/ul>\n\n\n\n<p>Kola\u010di\u0107i omogu\u0107uju web stranici da zapamti korisnikove preference i iskustva, \u010dime se \u0161tedi vrijeme i pobolj\u0161ava iskustvo pregledavanja.<\/p>\n\n\n\n<p><strong>Za\u0161to web stranice koriste kola\u010di\u0107e?<\/strong><\/p>\n\n\n\n<p>Kola\u010di\u0107e koristi ve\u0107ina web stranica jer predstavljaju prakti\u010dan na\u010din za odr\u017eavanje svje\u017eeg i relevantnog sadr\u017eaja koji odgovara interesima korisnika.<\/p>\n\n\n\n<p>Razlozi za njihovu uporabu su brojni:<\/p>\n\n\n\n<ul class=\"wp-block-list\">\n<li>pohrana podataka o stanju web stranice (postavke korisnika)<\/li>\n\n\n\n<li>omogu\u0107avanje razli\u010ditih web usluga (npr. web trgovine)<\/li>\n\n\n\n<li>prikupljanje statistike o navikama korisnika<\/li>\n\n\n\n<li>pra\u0107enje u\u010destalosti posjeta<\/li>\n<\/ul>\n\n\n\n<p>Tvrtke pomo\u0107u kola\u010di\u0107a mogu procijeniti u\u010dinkovitost dizajna web stranica i prikazanih oglasa.<\/p>\n\n\n\n<p><strong>Onemogu\u0107avanje kola\u010di\u0107a<\/strong><\/p>\n\n\n\n<p>Korisnik sam odlu\u010duje ho\u0107e li dopustiti pohranu kola\u010di\u0107a na svom ure\u0111aju.<\/p>\n\n\n\n<p>Postavke kola\u010di\u0107a mogu se kontrolirati i mijenjati u web pregledniku.<\/p>\n\n\n\n<p>Naj\u010de\u0161\u0107e kori\u0161teni preglednici:<\/p>\n\n\n\n<ul class=\"wp-block-list\">\n<li><a href=\"https:\/\/windows.microsoft.com\/sl-si\/internet-explorer\/delete-manage-cookies#ie=ie-10\" target=\"_blank\" rel=\"noreferrer noopener\">Internet Explorer 10<\/a><\/li>\n\n\n\n<li><a href=\"https:\/\/windows.microsoft.com\/sl-si\/windows7\/how-to-manage-cookies-in-internet-explorer-9\" target=\"_blank\" rel=\"noreferrer noopener\">Internet Explorer 9<\/a><\/li>\n\n\n\n<li><a href=\"https:\/\/windows.microsoft.com\/sl-si\/windows-vista\/block-or-allow-cookies\" target=\"_blank\" rel=\"noreferrer noopener\">Internet Explorer 7 in 8<\/a><\/li>\n\n\n\n<li><a href=\"https:\/\/support.google.com\/chrome\/answer\/95647?hl=sl-sl&amp;p=cpn_cookies\" target=\"_blank\" rel=\"noreferrer noopener\">Chrome<\/a><\/li>\n\n\n\n<li><a href=\"https:\/\/support.mozilla.org\/sl\/kb\/Kako%20aktivirate%20in%20deaktivirate%20pi%C5%A1kote\" target=\"_blank\" rel=\"noreferrer noopener\">Firefox<\/a><\/li>\n\n\n\n<li><a href=\"https:\/\/www.opera.com\/help\/tutorials\/security\/cookies\/\" target=\"_blank\" rel=\"noreferrer noopener\">Opera<\/a><\/li>\n\n\n\n<li><a href=\"https:\/\/support.apple.com\/kb\/PH11913\" target=\"_blank\" rel=\"noreferrer noopener\">Safari<\/a><\/li>\n<\/ul>\n\n\n\n<p>Za vi\u0161e informacija o postavkama kola\u010di\u0107a kliknite preglednik koji koristite.<\/p>\n\n\n\n<p><strong>Selektivno onemogu\u0107avanje Google Analytics, DoubleClick i iPROM kola\u010di\u0107a<\/strong><\/p>\n\n\n\n<p>Pojedine kola\u010di\u0107e koje koristimo mogu\u0107e je onemogu\u0107iti putem sljede\u0107ih poveznica:<\/p>\n\n\n\n<ul class=\"wp-block-list\">\n<li>Gemius: <a href=\"https:\/\/optout.hit.gemius.pl\/removeEN.php\" target=\"_blank\" rel=\"noopener\">https:\/\/optout.hit.gemius.pl\/removeEN.php<\/a> (klik na \u201cAccept OPTOUT cookie\u201d postavlja kola\u010di\u0107 koji onemogu\u0107uje sudjelovanje u istra\u017eivanju Gemius)<\/li>\n\n\n\n<li>iPROM d.o.o.: <a href=\"https:\/\/adserver.iprom.net\/optout\/\" target=\"_blank\" rel=\"noopener\">https:\/\/adserver.iprom.net\/optout\/<\/a><\/li>\n\n\n\n<li>Google, AdSense, DoubleClick: <a href=\"https:\/\/www.google.com\/privacy_ads.html\" target=\"_blank\" rel=\"noopener\">https:\/\/www.google.com\/privacy_ads.html<\/a><\/li>\n\n\n\n<li>Ostali: Your Online Choices (Va\u0161e izbore), Opt Out From Online Behavioral Advertising<\/li>\n<\/ul>\n\n\n\n<p>Iz pojedinih ogla\u0161iva\u010dkih mre\u017ea mo\u017eete se odjaviti i putem: <a href=\"https:\/\/youradchoices.com\/control\" target=\"_blank\" rel=\"noreferrer noopener\">https:\/\/youradchoices.com\/control<\/a><\/p>\n\n\n\n<p>(na stolnim ra\u010dunalima i mobilnim ure\u0111ajima)<\/p>\n\n\n\n<p><strong>Push obavijesti (Push Notifications)<\/strong><\/p>\n\n\n\n<p>Push obavijesti su obavijesti web stranica putem kojih, nakon \u0161to korisnik potvrdi prijavu, obavje\u0161tavamo \u010ditatelje o novim objavama.<\/p>\n\n\n\n<p>Ako se \u017eelite odjaviti:<\/p>\n\n\n\n<ul class=\"wp-block-list\">\n<li>kliknite na ikonu lokota ili druge oznake u adresnoj traci preglednika<\/li>\n\n\n\n<li>odaberite \u017eeljene opcije<\/li>\n\n\n\n<li>blokirajte ili onemogu\u0107ite obavijesti<\/li>\n<\/ul>\n","protected":false},"excerpt":{"rendered":"<p>Kola\u010di\u0107i nisu ni\u0161ta novo, jer ih svi posjetitelji web stranica ve\u0107 odavno imaju na svojim ra\u010dunalima, tabletima, mobilnim ure\u0111ajima, \u2026 Pohranjuju se tijekom posjeta web stranici, a da toga nismo svjesni. Gotovo ne postoji web stranica koja ne koristi kola\u010di\u0107e. Novo je zakonodavstvo i GDPR, koji donose promjene u na\u010dinu obavje\u0161tavanja i dobivanja suglasnosti posjetitelja [&hellip;]<\/p>\n","protected":false},"author":1,"featured_media":0,"parent":0,"menu_order":0,"comment_status":"closed","ping_status":"closed","template":"","meta":{"_monsterinsights_skip_tracking":false,"_monsterinsights_sitenote_active":false,"_monsterinsights_sitenote_note":"","_monsterinsights_sitenote_category":0,"footnotes":""},"class_list":["post-93","page","type-page","status-publish"],"_links":{"self":[{"href":"https:\/\/www.bodieko.si\/hr\/wp-json\/wp\/v2\/pages\/93","targetHints":{"allow":["GET"]}}],"collection":[{"href":"https:\/\/www.bodieko.si\/hr\/wp-json\/wp\/v2\/pages"}],"about":[{"href":"https:\/\/www.bodieko.si\/hr\/wp-json\/wp\/v2\/types\/page"}],"author":[{"embeddable":true,"href":"https:\/\/www.bodieko.si\/hr\/wp-json\/wp\/v2\/users\/1"}],"replies":[{"embeddable":true,"href":"https:\/\/www.bodieko.si\/hr\/wp-json\/wp\/v2\/comments?post=93"}],"version-history":[{"count":1,"href":"https:\/\/www.bodieko.si\/hr\/wp-json\/wp\/v2\/pages\/93\/revisions"}],"predecessor-version":[{"id":96,"href":"https:\/\/www.bodieko.si\/hr\/wp-json\/wp\/v2\/pages\/93\/revisions\/96"}],"wp:attachment":[{"href":"https:\/\/www.bodieko.si\/hr\/wp-json\/wp\/v2\/media?parent=93"}],"curies":[{"name":"wp","href":"https:\/\/api.w.org\/{rel}","templated":true}]}}