{"id":91,"date":"2026-04-29T22:27:19","date_gmt":"2026-04-29T20:27:19","guid":{"rendered":"https:\/\/www.bodieko.si\/hr\/?page_id=91"},"modified":"2026-04-29T22:37:12","modified_gmt":"2026-04-29T20:37:12","slug":"opci-uvjeti-koristenja","status":"publish","type":"page","link":"https:\/\/www.bodieko.si\/hr\/opci-uvjeti-koristenja","title":{"rendered":"Op\u0107i uvjeti kori\u0161tenja"},"content":{"rendered":"\n<p>Dobrodo\u0161li na web stranicu bodieko.si, kojom upravlja DotMedia, d.o.o. (pru\u017eatelj usluge). Obvezujemo se na za\u0161titu privatnosti na\u0161ih korisnika i po\u0161tivanje va\u0161ih prava u vezi s osobnim podacima. Ova politika privatnosti (\u201ePolitika\u201c) opisuje kako prikupljamo, koristimo, dijelimo i \u0161titimo va\u0161e osobne podatke prilikom kori\u0161tenja na\u0161e web stranice i usluga.<\/p>\n\n\n\n<p><strong>Primjena i valjanost op\u0107ih uvjeta<\/strong><\/p>\n\n\n\n<p>Op\u0107i uvjeti vrijede za svakoga tko posje\u0107uje ili koristi web portal bodieko.si, koji je u trenutku dono\u0161enja ovih op\u0107ih uvjeta dostupan na web adresi <a href=\"https:\/\/www.bodieko.si\/\">https:\/\/www.bodieko.si\/<\/a> i kojim upravlja dru\u0161tvo DotMedia, d.o.o., Dunajska cesta 63, 1000 Ljubljana, Slovenija.<\/p>\n\n\n\n<p>Op\u0107i uvjeti vrijede za cijeli web portal, za sve njegove sastavne dijelove i podstranice. Uz ove op\u0107e uvjete, za odre\u0111ene dijelove, podstranice ili za odre\u0111ene korisnike mogu vrijediti i posebni uvjeti ili ugovorne odredbe.<\/p>\n\n\n\n<p>Kori\u0161tenjem web stranice bodieko.si potvr\u0111ujete da ste upoznati s ovom politikom privatnosti i da se sla\u017eete s op\u0107im uvjetima kori\u0161tenja web portala. Ako se s politikom ne sla\u017eete, molimo vas da ne koristite na\u0161u web stranicu.<\/p>\n\n\n\n<p>Op\u0107i uvjeti mogu se u bilo kojem trenutku promijeniti ili dopuniti bez upozorenja ili obavijesti.<\/p>\n\n\n\n<p><strong>Prikupljanje i kori\u0161tenje osobnih podataka<\/strong><\/p>\n\n\n\n<p>Kada posjetite bodieko.si, mo\u017eemo prikupljati razli\u010dite podatke, uklju\u010duju\u0107i, ali ne ograni\u010davaju\u0107i se na, va\u0161e ime, e-mail adresu, IP adresu, preglednik koji koristite i podatke o va\u0161oj interakciji s web stranicom.<\/p>\n\n\n\n<p>Te podatke koristimo za pru\u017eanje, pobolj\u0161anje i prilagodbu na\u0161ih sadr\u017eaja i usluga, za komunikaciju s vama te za analizu kori\u0161tenja na\u0161e web stranice. Koje podatke prikupljamo ovisi o razini va\u0161e interakcije sa stranicom (kreiranje korisni\u010dkog ra\u010duna i komentiranje sadr\u017eaja zahtijeva vi\u0161e podataka nego samo \u010ditanje \u010dlanaka, gdje uz nu\u017ene kola\u010di\u0107e za rad pratimo statistiku posje\u0107enosti i pojedine kola\u010di\u0107e za prikaz oglasa te eventualno druge koje korisnik odobri).<\/p>\n\n\n\n<p><strong>Dijeljenje osobnih podataka<\/strong><\/p>\n\n\n\n<p>Va\u0161e osobne podatke mo\u017eemo dijeliti s odabranim tre\u0107im stranama koje nam poma\u017eu u odre\u0111enim funkcionalnostima (na primjer slanje e-novosti). Osiguravamo da ti partneri po\u0161tuju odgovaraju\u0107e sigurnosne standarde i \u0161tite va\u0161e podatke.<\/p>\n\n\n\n<p>Va\u0161e osobne podatke ne\u0107emo dijeliti, prodavati niti \u201cdavati u najam ili na uvid\u201d drugim stranama bez va\u0161eg izri\u010ditog pristanka, osim ako to zahtijeva zakon.<\/p>\n\n\n\n<p><strong>Registracija<\/strong><\/p>\n\n\n\n<p>Prijavom odnosno registracijom (izravno putem web portala ili putem bilo kojeg drugog registracijskog kanala) korisnik se obvezuje da prihva\u0107a sve odredbe op\u0107ih uvjeta kori\u0161tenja web stranica tvrtke DotMedia koje su va\u017ee\u0107e u trenutku prijave odnosno registracije. Neki dijelovi web portala odnosno odre\u0111ene funkcionalnosti dostupni su samo registriranim korisnicima. Registriranom korisniku dodjeljuje se korisni\u010dki ra\u010dun.<\/p>\n\n\n\n<p>Registracija je dobrovoljna i nije nu\u017ena za osnovne funkcionalnosti web portala. Registracija se mo\u017ee izvr\u0161iti i putem vanjskih sustava identifikacije (Facebook, Google, \u2026). Registrirani korisnik mo\u017ee u bilo kojem trenutku zatra\u017eiti da pru\u017eatelj njegove podatke, koje je dostavio prilikom registracije, trajno i u\u010dinkovito izbri\u0161e. Brisanjem podataka korisniku prestaje status registriranog korisnika i sva prava povezana s njim. Korisnik se mo\u017ee u bilo kojem trenutku ponovno registrirati.<\/p>\n\n\n\n<p>Pru\u017eatelj mo\u017ee promijeniti uvjete pristupa web portalu ili kori\u0161tenja web portala ili njegovog dijela ili odre\u0111ene funkcionalnosti, o \u010demu \u0107e korisnike unaprijed obavijestiti.<\/p>\n\n\n\n<p>Pru\u017eatelj mo\u017ee registriranom korisniku putem e-po\u0161te slati:<\/p>\n\n\n\n<p>Email &amp; Messaging<\/p>\n\n\n\n<p>op\u0107e obavijesti povezane s korisnikovom aktivno\u0161\u0107u na web portalu te s dodjelom, promjenom ili ure\u0111ivanjem korisni\u010dkog ra\u010duna<\/p>\n\n\n\n<p>op\u0107e ili posebne tjedne e-novosti, od kojih se korisnik mo\u017ee odjaviti putem poveznice za odjavu unutar e-novosti<\/p>\n\n\n\n<p>reklamne obavijesti \u010dija je svrha ogla\u0161avanje proizvoda i usluga pru\u017eatelja i njegovih partnera. Podatke korisnika ne dijelimo s partnerima.<\/p>\n\n\n\n<p><strong>Sigurnost<\/strong><\/p>\n\n\n\n<p>Sigurnost va\u0161ih osobnih podataka za nas je iznimno va\u017ena. Implementirali smo odgovaraju\u0107e tehni\u010dke i organizacijske mjere za za\u0161titu va\u0161ih podataka od neovla\u0161tenog pristupa, gubitka ili uni\u0161tenja.<\/p>\n\n\n\n<p>Unato\u010d na\u0161im naporima za osiguranje sigurnosti va\u0161ih podataka, imajte na umu da nijedan sustav nije potpuno siguran.<\/p>\n\n\n\n<p><strong>Prava korisnika<\/strong><\/p>\n\n\n\n<p>Imate pravo pristupa svojim osobnim podacima koje pohranjujemo te pravo na njihov ispravak, brisanje ili ograni\u010denje obrade.<\/p>\n\n\n\n<p>Ako \u017eelite ostvariti neko od tih prava ili imate pitanja u vezi s ovom politikom, kontaktirajte nas na urednistvo&lt;afna&gt;dotmedia.si.<\/p>\n\n\n\n<p><strong>Djeca<\/strong><\/p>\n\n\n\n<p>Na\u0161a web stranica nije namijenjena djeci i ne prikupljamo namjerno osobne podatke djece. Ako smo nenamjerno prikupili podatke o djetetu, iste \u0107emo izbrisati.<\/p>\n\n\n\n<p><strong>Kopiranje i umno\u017eavanje sadr\u017eaja<\/strong><\/p>\n\n\n\n<p>Svi materijali objavljeni na web stranicama i podstranicama portala bodieko.si za\u0161ti\u0107eni su autorskim pravom. Neovla\u0161tena uporaba ili prijenos vijesti, \u010dlanaka i informacija u druge medije nije dopu\u0161ten i protuzakonit je. Kopiranje ili umno\u017eavanje dopu\u0161teno je samo uz pisanu suglasnost izdava\u010da i uz uklju\u010denu poveznicu na izvorni sadr\u017eaj na web stranici bodieko.si.<\/p>\n\n\n\n<p><strong>Ograni\u010denje odgovornosti<\/strong><\/p>\n\n\n\n<p>Tvrtka DotMedia d.o.o. i\/ili njezini partneri ne daju nikakva jamstva o prikladnosti, pouzdanosti, dostupnosti, pravovremenosti i to\u010dnosti informacija, softvera, proizvoda, usluga i povezanih grafika dostupnih putem portala. Sve informacije, softver, proizvodi, usluge i povezane grafike dostupni su \u201ctakvi kakvi jesu\u201d bez ikakvog jamstva.<\/p>\n\n\n\n<p>Tvrtka DotMedia d.o.o. i\/ili njezini partneri ni u kojem slu\u010daju ne preuzimaju odgovornost za bilo kakvu izravnu, neizravnu, posljedi\u010dnu ili drugu \u0161tetu (uklju\u010duju\u0107i gubitak upotrebljivosti, podataka ili dobiti) koja proizlazi iz kori\u0161tenja web stranica ili usluga.<\/p>\n\n\n\n<p>Ako zakon druga\u010dije ure\u0111uje pojedina prava, mogu\u0107e je da se neka ograni\u010denja ne primjenjuju na vas. Ako niste zadovoljni bilo kojim dijelom portala, va\u0161e jedino sredstvo je prestanak kori\u0161tenja.<\/p>\n\n\n\n<p>Recepti i savjeti objavljeni na portalu informativne su prirode i koriste se na vlastitu odgovornost. Tvrtka ne odgovara za eventualnu \u0161tetu ili ozljede.<\/p>\n\n\n\n<p>Autori ne daju medicinske savjete i ne preporu\u010duju kori\u0161tenje ili prestanak kori\u0161tenja lijekova bez savjetovanja s lije\u010dnikom. Sve informacije koristite na vlastitu odgovornost.<\/p>\n\n\n\n<p><strong>Napomene o intelektualnom vlasni\u0161tvu<\/strong><\/p>\n\n\n\n<p>Sav sadr\u017eaj portala, osim onoga \u0161to unesu korisnici, za\u0161ti\u0107en je autorskim pravom DotMedia d.o.o. ili njegovih partnera. Sva prava su pridr\u017eana.<\/p>\n\n\n\n<p>Tvrtka mo\u017ee imati patente, za\u0161titne znakove i druga prava. Ako nije druga\u010dije navedeno, sadr\u017eaj vam ne daje nikakvu licencu.<\/p>\n\n\n\n<p><strong>Nagradne igre<\/strong><\/p>\n\n\n\n<p>Pru\u017eatelj povremeno organizira nagradne igre i objavljuje pravila.<\/p>\n\n\n\n<p>Sudjelovanjem korisnik pristaje na primanje obavijesti i objavu imena, prezimena i mjesta prebivali\u0161ta.<\/p>\n\n\n\n<p><strong>Op\u0107enito<\/strong><\/p>\n\n\n\n<p>Na ove uvjete primjenjuje se pravo Republike Slovenije.<\/p>\n\n\n\n<p>Za rje\u0161avanje sporova nadle\u017ean je sud u Ljubljani.<\/p>\n\n\n\n<p>Kontakt: urednistvo&lt;afna&gt;dotmedia.si<\/p>\n\n\n\n<p>U Ljubljani, 23. 4. 2018.<br>Zadnje a\u017eurirano: 1. 5. 2024.<\/p>\n","protected":false},"excerpt":{"rendered":"<p>Dobrodo\u0161li na web stranicu bodieko.si, kojom upravlja DotMedia, d.o.o. (pru\u017eatelj usluge). Obvezujemo se na za\u0161titu privatnosti na\u0161ih korisnika i po\u0161tivanje va\u0161ih prava u vezi s osobnim podacima. Ova politika privatnosti (\u201ePolitika\u201c) opisuje kako prikupljamo, koristimo, dijelimo i \u0161titimo va\u0161e osobne podatke prilikom kori\u0161tenja na\u0161e web stranice i usluga. Primjena i valjanost op\u0107ih uvjeta Op\u0107i uvjeti [&hellip;]<\/p>\n","protected":false},"author":1,"featured_media":0,"parent":0,"menu_order":0,"comment_status":"closed","ping_status":"closed","template":"","meta":{"_monsterinsights_skip_tracking":false,"_monsterinsights_sitenote_active":false,"_monsterinsights_sitenote_note":"","_monsterinsights_sitenote_category":0,"footnotes":""},"class_list":["post-91","page","type-page","status-publish"],"_links":{"self":[{"href":"https:\/\/www.bodieko.si\/hr\/wp-json\/wp\/v2\/pages\/91","targetHints":{"allow":["GET"]}}],"collection":[{"href":"https:\/\/www.bodieko.si\/hr\/wp-json\/wp\/v2\/pages"}],"about":[{"href":"https:\/\/www.bodieko.si\/hr\/wp-json\/wp\/v2\/types\/page"}],"author":[{"embeddable":true,"href":"https:\/\/www.bodieko.si\/hr\/wp-json\/wp\/v2\/users\/1"}],"replies":[{"embeddable":true,"href":"https:\/\/www.bodieko.si\/hr\/wp-json\/wp\/v2\/comments?post=91"}],"version-history":[{"count":2,"href":"https:\/\/www.bodieko.si\/hr\/wp-json\/wp\/v2\/pages\/91\/revisions"}],"predecessor-version":[{"id":95,"href":"https:\/\/www.bodieko.si\/hr\/wp-json\/wp\/v2\/pages\/91\/revisions\/95"}],"wp:attachment":[{"href":"https:\/\/www.bodieko.si\/hr\/wp-json\/wp\/v2\/media?parent=91"}],"curies":[{"name":"wp","href":"https:\/\/api.w.org\/{rel}","templated":true}]}}