{"id":321,"date":"2026-05-15T14:13:11","date_gmt":"2026-05-15T12:13:11","guid":{"rendered":"https:\/\/www.bodieko.si\/hr\/?page_id=321"},"modified":"2026-05-15T14:20:08","modified_gmt":"2026-05-15T12:20:08","slug":"impressum","status":"publish","type":"page","link":"https:\/\/www.bodieko.si\/hr\/impressum","title":{"rendered":"Impressum"},"content":{"rendered":"\n<p>Uredni\u0161tvo internetskog portala i \u010dasopisa Bodi eko<br>Izdava\u010d: Dotmedia d.o.o., Dunajska cesta 63, 1000 Ljubljana<\/p>\n\n\n\n<p>Adresa uredni\u0161tva i izvr\u0161ne urednice:<br>urednistvo[AT]dotmedia[TO\u010cKA]si<\/p>\n\n\n\n<p>Novinari i stru\u010dnjaci:<\/p>\n\n\n\n<p>Damjana Benec, uni. dipl. in\u017e. agr., Melani Kova\u010d, aromaterapeutkinja, mag. Tine Oblak, Marija Petrovi\u010d, Bojan \u017dnidar\u0161i\u010d, Marija Ko\u010devar, Alja Dimic, Katja Mrzel, Marjetka Zalo\u017enik, Jerneja Jo\u0161ar uni. dipl. in\u017e. agr., Simona Ve\u010dko, Ines Kristan Trampu\u0161, Domen \u010cur\u010d, Mario Sambolec, Monika Mulej, Taja Albolena, Kristijan Zver, Nadica Lukman, dr. Tina Oblak, Tina Zdjelar, Tatjana Eberl, Ana Li\u010dina, \u0160pela Ceglar, Tina Avgu\u0161tin, Mateja Re\u0161, Bojana Darovec, mag. Mia Bone, Andreja \u0160kulj, Damir \u017dnideri\u010d, Jure Capuder, dr. Manca Kova\u010d Vir\u0161ek, dr. Lu\u010dka Kajfe\u017e Bogataj, Jo\u017ee Majes, Karmen Gostin\u010dar, mag. Matej Gregori\u010d, Anton Poler, Nata\u0161a Ti\u010d Ralijan, Maja R. Mihovec, Vanesa Smole, Tanja \u017duvela, Delfina Bi\u0161\u010dak, Karmen Jordan, Anja Kralj, Ksenija Vimont, Matja\u017e Valen\u010di\u010d, Anja Pristavec, Mi\u0161a Pu\u0161enjak, Karla Klander, Bene Behri\u010d, Vesna Milenkovi\u0107.<\/p>\n\n\n\n<p>Marketing \/ zakup oglasnog prostora:<br>marketing[AT]dotmedia[TO\u010cKA]si<\/p>\n\n\n\n<p>Fotografije: Dreamstime, arhiv Bodi eko, arhiv autora, iStockphoto, sxc, Shutterstock Images, Guliver\/Thinkstock, Profimedia\/Splash<\/p>\n\n\n\n<p>Bodi eko je registrirani za\u0161titni znak.<\/p>\n","protected":false},"excerpt":{"rendered":"<p>Uredni\u0161tvo internetskog portala i \u010dasopisa Bodi ekoIzdava\u010d: Dotmedia d.o.o., Dunajska cesta 63, 1000 Ljubljana Adresa uredni\u0161tva i izvr\u0161ne urednice:urednistvo[AT]dotmedia[TO\u010cKA]si Novinari i stru\u010dnjaci: Damjana Benec, uni. dipl. in\u017e. agr., Melani Kova\u010d, aromaterapeutkinja, mag. Tine Oblak, Marija Petrovi\u010d, Bojan \u017dnidar\u0161i\u010d, Marija Ko\u010devar, Alja Dimic, Katja Mrzel, Marjetka Zalo\u017enik, Jerneja Jo\u0161ar uni. dipl. in\u017e. agr., Simona Ve\u010dko, Ines [&hellip;]<\/p>\n","protected":false},"author":1,"featured_media":0,"parent":0,"menu_order":0,"comment_status":"closed","ping_status":"closed","template":"","meta":{"_monsterinsights_skip_tracking":false,"_monsterinsights_sitenote_active":false,"_monsterinsights_sitenote_note":"","_monsterinsights_sitenote_category":0,"footnotes":""},"class_list":["post-321","page","type-page","status-publish"],"_links":{"self":[{"href":"https:\/\/www.bodieko.si\/hr\/wp-json\/wp\/v2\/pages\/321","targetHints":{"allow":["GET"]}}],"collection":[{"href":"https:\/\/www.bodieko.si\/hr\/wp-json\/wp\/v2\/pages"}],"about":[{"href":"https:\/\/www.bodieko.si\/hr\/wp-json\/wp\/v2\/types\/page"}],"author":[{"embeddable":true,"href":"https:\/\/www.bodieko.si\/hr\/wp-json\/wp\/v2\/users\/1"}],"replies":[{"embeddable":true,"href":"https:\/\/www.bodieko.si\/hr\/wp-json\/wp\/v2\/comments?post=321"}],"version-history":[{"count":3,"href":"https:\/\/www.bodieko.si\/hr\/wp-json\/wp\/v2\/pages\/321\/revisions"}],"predecessor-version":[{"id":328,"href":"https:\/\/www.bodieko.si\/hr\/wp-json\/wp\/v2\/pages\/321\/revisions\/328"}],"wp:attachment":[{"href":"https:\/\/www.bodieko.si\/hr\/wp-json\/wp\/v2\/media?parent=321"}],"curies":[{"name":"wp","href":"https:\/\/api.w.org\/{rel}","templated":true}]}}